{"id":141847,"date":"2024-06-19T14:16:18","date_gmt":"2024-06-19T12:16:18","guid":{"rendered":"https:\/\/www.korntec.de\/wordpress\/?page_id=141847"},"modified":"2024-10-02T17:26:29","modified_gmt":"2024-10-02T15:26:29","slug":"leistung","status":"publish","type":"page","link":"https:\/\/www.korntec.de\/wordpress\/leistung\/","title":{"rendered":"LEISTUNG"},"content":{"rendered":"<div class=\"wpb-content-wrapper\"><p>[vc_row row_height_percent=&#8220;60&#8243; override_padding=&#8220;yes&#8220; h_padding=&#8220;2&#8243; top_padding=&#8220;5&#8243; bottom_padding=&#8220;5&#8243; back_color=&#8220;color-nhtu&#8220; back_image=&#8220;141967&#8243; overlay_color=&#8220;color-jevc&#8220; overlay_alpha=&#8220;15&#8243; gutter_size=&#8220;3&#8243; column_width_percent=&#8220;100&#8243; shift_y=&#8220;0&#8243; z_index=&#8220;0&#8243; uncode_shortcode_id=&#8220;159163&#8243; back_color_type=&#8220;uncode-palette&#8220; overlay_color_type=&#8220;uncode-palette&#8220; row_height_pixel=&#8220;300&#8243;][vc_column column_width_use_pixel=&#8220;yes&#8220; position_vertical=&#8220;middle&#8220; align_horizontal=&#8220;align_center&#8220; gutter_size=&#8220;2&#8243; style=&#8220;dark&#8220; overlay_alpha=&#8220;50&#8243; shift_x=&#8220;0&#8243; shift_y=&#8220;0&#8243; shift_y_down=&#8220;0&#8243; z_index=&#8220;0&#8243; medium_width=&#8220;0&#8243; mobile_width=&#8220;0&#8243; width=&#8220;1\/1&#8243; column_width_pixel=&#8220;900&#8243; uncode_shortcode_id=&#8220;197708&#8243; mobile_height=&#8220;380&#8243;][\/vc_column][\/vc_row][vc_row row_height_percent=&#8220;0&#8243; override_padding=&#8220;yes&#8220; h_padding=&#8220;7&#8243; top_padding=&#8220;4&#8243; bottom_padding=&#8220;5&#8243; overlay_alpha=&#8220;50&#8243; gutter_size=&#8220;3&#8243; column_width_percent=&#8220;100&#8243; shift_y=&#8220;0&#8243; z_index=&#8220;0&#8243; uncode_shortcode_id=&#8220;192177&#8243;][vc_column column_width_percent=&#8220;100&#8243; gutter_size=&#8220;3&#8243; overlay_alpha=&#8220;50&#8243; shift_x=&#8220;0&#8243; shift_y=&#8220;0&#8243; shift_y_down=&#8220;0&#8243; z_index=&#8220;0&#8243; medium_width=&#8220;0&#8243; mobile_width=&#8220;0&#8243; width=&#8220;1\/1&#8243; uncode_shortcode_id=&#8220;110872&#8243;][vc_custom_heading text_color=&#8220;color-210407&#8243; text_font=&#8220;font-846016&#8243; text_size=&#8220;h1&#8243; text_weight=&#8220;600&#8243; sub_lead=&#8220;yes&#8220; medium_visibility=&#8220;yes&#8220; mobile_visibility=&#8220;yes&#8220; uncode_shortcode_id=&#8220;155925&#8243; text_color_type=&#8220;uncode-palette&#8220;]KRAFTVOLLE KOMPETENZ[\/vc_custom_heading][vc_custom_heading text_color=&#8220;color-210407&#8243; text_font=&#8220;font-846016&#8243; text_weight=&#8220;600&#8243; sub_lead=&#8220;yes&#8220; desktop_visibility=&#8220;yes&#8220; uncode_shortcode_id=&#8220;636224&#8243; text_color_type=&#8220;uncode-palette&#8220;]KRAFTVOLLE KOMPETENZ[\/vc_custom_heading][vc_column_text text_lead=&#8220;yes&#8220; uncode_shortcode_id=&#8220;528034&#8243;]KORNTEC\u00ae plant und montiert Anlagen und Geb\u00e4ude f\u00fcr die Agrar- und Lebensmittelindustrie. Schl\u00fcsselfertig, wirtschaftlich und mit kompromissloser Qualit\u00e4t. Was auch immer Sie in diesem Bereich vorhaben: Alles geht. Je nach Kundenwunsch liefern wir einzelne Anlagenkomponenten oder entwickeln mit unseren Kunden ma\u00dfgeschneiderte Gesamtl\u00f6sungen \u2013 und setzen diese europaweit zuverl\u00e4ssig um. Unsere Kunden k\u00f6nnen sich dabei immer auf einen zentralen Ansprechpartner verlassen, nicht nur bei Planung und Montage, sondern auch viele Jahre nach der \u00dcbergabe.<\/p>\n<ul>\n<li>S\u00e4mtliche Anlagen f\u00fcr die Agrar- und Lebensmittelindustrie im Getreidehandling \u2013 von der F\u00f6rderung \u00fcber das Sieben, Reinigen und Trocknen bis hin zum Mahlen, Mischen und Dosieren<\/li>\n<li>Schl\u00fcsselfertige Siloanlagen jeder Art und Gr\u00f6\u00dfe<\/li>\n<li>Schiffsbeladesysteme<\/li>\n<li>Futtermittelanlagen<\/li>\n<li>Anlagen zur Pelletierung<\/li>\n<li>Anlagen zur Reststoffveredelung<\/li>\n<li>Hallen- und Industriebau<\/li>\n<li>Anlagenauslegungen jeglicher Art<\/li>\n<\/ul>\n<p>[\/vc_column_text][\/vc_column][\/vc_row]<\/p>\n<\/div>","protected":false},"excerpt":{"rendered":"<p>[vc_row row_height_percent=&#8220;60&#8243; override_padding=&#8220;yes&#8220; h_padding=&#8220;2&#8243; top_padding=&#8220;5&#8243; bottom_padding=&#8220;5&#8243; back_color=&#8220;color-nhtu&#8220; back_image=&#8220;141967&#8243; overlay_color=&#8220;color-jevc&#8220; overlay_alpha=&#8220;15&#8243; gutter_size=&#8220;3&#8243; column_width_percent=&#8220;100&#8243; shift_y=&#8220;0&#8243; z_index=&#8220;0&#8243; uncode_shortcode_id=&#8220;159163&#8243; back_color_type=&#8220;uncode-palette&#8220; overlay_color_type=&#8220;uncode-palette&#8220; row_height_pixel=&#8220;300&#8243;][vc_column column_width_use_pixel=&#8220;yes&#8220; position_vertical=&#8220;middle&#8220; [&hellip;]<\/p>\n","protected":false},"author":1,"featured_media":0,"parent":0,"menu_order":0,"comment_status":"open","ping_status":"closed","template":"","meta":{"footnotes":""},"class_list":["post-141847","page","type-page","status-publish","hentry"],"_links":{"self":[{"href":"https:\/\/www.korntec.de\/wordpress\/wp-json\/wp\/v2\/pages\/141847","targetHints":{"allow":["GET"]}}],"collection":[{"href":"https:\/\/www.korntec.de\/wordpress\/wp-json\/wp\/v2\/pages"}],"about":[{"href":"https:\/\/www.korntec.de\/wordpress\/wp-json\/wp\/v2\/types\/page"}],"author":[{"embeddable":true,"href":"https:\/\/www.korntec.de\/wordpress\/wp-json\/wp\/v2\/users\/1"}],"replies":[{"embeddable":true,"href":"https:\/\/www.korntec.de\/wordpress\/wp-json\/wp\/v2\/comments?post=141847"}],"version-history":[{"count":0,"href":"https:\/\/www.korntec.de\/wordpress\/wp-json\/wp\/v2\/pages\/141847\/revisions"}],"wp:attachment":[{"href":"https:\/\/www.korntec.de\/wordpress\/wp-json\/wp\/v2\/media?parent=141847"}],"curies":[{"name":"wp","href":"https:\/\/api.w.org\/{rel}","templated":true}]}}